{"id":111,"date":"2016-08-11T17:55:19","date_gmt":"2016-08-11T22:55:19","guid":{"rendered":"http:\/\/www.sitioenconstruccion.com.mx\/fortacero\/?page_id=111"},"modified":"2025-08-18T16:15:04","modified_gmt":"2025-08-18T22:15:04","slug":"contact-us","status":"publish","type":"page","link":"http:\/\/www.fortacero.com\/en\/contact-us","title":{"rendered":"Contact Us"},"content":{"rendered":"\n<div class=\"wp-block-columns is-layout-flex wp-container-5\">\n<div class=\"wp-block-column is-layout-flow\" style=\"flex-basis:100%\">\n<div class=\"wp-block-group is-layout-constrained\"><div class=\"wp-block-group__inner-container\">\n<div class=\"wp-block-columns is-layout-flex wp-container-2\">\n<div class=\"wp-block-column is-layout-flow\" style=\"flex-basis:100%\">\n<section class=\"tcvpb_section_tc\">\n\t\t\n\t\t<div class=\"tcvpb_section_content\"><div class=\"tcvpb_container\"><div class=\"tcvpb_column_tc_span12\"><h1  class=\" \">Contact Us<\/h1><\/div><\/div><\/div>\n\t\t\n\t\t\n\t<\/section><section class=\"tcvpb_section_tc\">\n\t\t\n\t\t<div class=\"tcvpb_section_content\"><div class=\"tcvpb_container\"><div class=\"tcvpb_column_tc_span3\"><h3  class=\" \">U.S.A. Contact<\/h3><div  class=\"\" >\n<p class=\"p_tc\" style=\"text-align: left;\"><br><strong>Toll-Free Phone Number:<\/strong> 1-833-675-9264<br><br>\n<\/div><i class=\"whhg-envelope\"><\/i> <script>\n\t\t\tdocument.write ('<A HREF=\"mai')\n\t\t\tdocument.write ('lto:fortaceromty')\n\t\t\tdocument.write ('&#64;')\n\t\t\tdocument.write ('fortacero.com\">fortaceromty')\n\t\t\tdocument.write ('&#64;')\n\t\t\tdocument.write ('fortacero.com<\/A>')\n\t\t<\/script><\/div><div class=\"tcvpb_column_tc_span3\"><h3  class=\" \">Monterrey (Headquarters)<\/h3><div  class=\"\" >\n<p class=\"p_tc\" style=\"text-align: left;\">Blvd. Carlos Salinas de Gortari Km. 8.8, Apodaca, N.L., C.P. 66600.<br><strong>Phone:<\/strong> (81) 8156-5200, (81) 8156-5211<br><a onclick=\"javascript:pageTracker._trackPageview('\/outgoing\/wa.me\/5218188510005');\"  href=\"https:\/\/wa.me\/5218188510005\"> Cont\u00e1ctanos por whatsapp <br><\/a><\/p>\n<\/div><i class=\"whhg-envelope\"><\/i> <script>\n\t\t\tdocument.write ('<A HREF=\"mai')\n\t\t\tdocument.write ('lto:fortaceromty')\n\t\t\tdocument.write ('&#64;')\n\t\t\tdocument.write ('fortacero.com\">fortaceromty')\n\t\t\tdocument.write ('&#64;')\n\t\t\tdocument.write ('fortacero.com<\/A>')\n\t\t<\/script><\/div><div class=\"tcvpb_column_tc_span3\"><h3  class=\" \">M\u00e9xico (Headquarters)<\/h3><div  class=\"\" >\n<p class=\"p_tc\" style=\"text-align: left;\">Camino a San Juan Teotihuac\u00e1n No. 62 San Francisco Cuautliquixca, C.P. 55760, Municipio de Tec\u00e1mac, Estado de M\u00e9xico<br><strong>Phone:<\/strong> (81)8156-5200 <br><br>\n<\/div><i class=\"whhg-envelope\"><\/i> <script>\n\t\t\tdocument.write ('<A HREF=\"mai')\n\t\t\tdocument.write ('lto:fortaceromx')\n\t\t\tdocument.write ('&#64;')\n\t\t\tdocument.write ('fortacero.com\">fortaceromx')\n\t\t\tdocument.write ('&#64;')\n\t\t\tdocument.write ('fortacero.com<\/A>')\n\t\t<\/script><\/div><div class=\"tcvpb_column_tc_span3\"><h3  class=\" \">M\u00e9xico<\/h3><div  class=\"\" >\n<p class=\"p_tc\" style=\"text-align: left;\">Av. Ceyl\u00e1n #1042 Nte.<br>Col. Industrial Vallejo,<br>C.P. 02300, M\u00e9xico, D.F.<br><strong>Phone:<\/strong> (55) 5078-1212<br> <a onclick=\"javascript:pageTracker._trackPageview('\/outgoing\/wa.me\/5215662306924');\"  href=\"https:\/\/wa.me\/5215662306924\">Cont\u00e1ctanos por whatsapp<\/a> <br>\n<\/div><i class=\"whhg-envelope\"><\/i> <script>\n\t\t\tdocument.write ('<A HREF=\"mai')\n\t\t\tdocument.write ('lto:fortaceromx')\n\t\t\tdocument.write ('&#64;')\n\t\t\tdocument.write ('fortacero.com\">fortaceromx')\n\t\t\tdocument.write ('&#64;')\n\t\t\tdocument.write ('fortacero.com<\/A>')\n\t\t<\/script><\/div><\/div><\/div>\n\t\t\n\t\t\n\t<\/section><section class=\"tcvpb_section_tc\">\n\t\t\n\t\t<div class=\"tcvpb_section_content\"><div class=\"tcvpb_container\"><div class=\"tcvpb_column_tc_span3\"><h3  class=\" \">Mexico 2 (Los Reyes)<\/h3><div  class=\"\" >\n<p class=\"p_tc\" style=\"text-align: left;\">Carretera M\u00e9xico \u2013 Texcoco Km 22.5,<br>Col. La Magdalena Alticpac.<br>La Paz, Estado de M\u00e9xico CP. 56525<br><strong>Phone:<\/strong> (55) 8851-9800 \/ 29 <br> <a onclick=\"javascript:pageTracker._trackPageview('\/outgoing\/wa.me\/5215662306924');\"  href=\"https:\/\/wa.me\/5215662306924\">Cont\u00e1ctanos por whatsapp<\/a> <br>\n<\/div><i class=\"whhg-envelope\"><\/i> <script>\n\t\t\tdocument.write ('<A HREF=\"mai')\n\t\t\tdocument.write ('lto:fortaceromx2')\n\t\t\tdocument.write ('&#64;')\n\t\t\tdocument.write ('fortacero.com\">fortaceromx2')\n\t\t\tdocument.write ('&#64;')\n\t\t\tdocument.write ('fortacero.com<\/A>')\n\t\t<\/script><\/div><div class=\"tcvpb_column_tc_span3\"><h3  class=\" \">Guadalajara<\/h3><div  class=\"\" >\n<p class=\"p_tc\" style=\"text-align: left;\">Perif\u00e9rico Nuevo Km 4.5, C.P. 45685<br>Deleg. San Jos\u00e9 del Castillo,<br>Municipio El Salto, Jalisco<br><strong>Phone:<\/strong> (33) 3612-0860\/70<br> <a onclick=\"javascript:pageTracker._trackPageview('\/outgoing\/wa.me\/5213339540277');\"  href=\"https:\/\/wa.me\/5213339540277\">Cont\u00e1ctanos por whatsapp<\/a> <br>\n<\/div><i class=\"whhg-envelope\"><\/i> <script>\n\t\t\tdocument.write ('<A HREF=\"mai')\n\t\t\tdocument.write ('lto:fortacerogdl')\n\t\t\tdocument.write ('&#64;')\n\t\t\tdocument.write ('fortacero.com\">fortacerogdl')\n\t\t\tdocument.write ('&#64;')\n\t\t\tdocument.write ('fortacero.com<\/A>')\n\t\t<\/script><\/div><div class=\"tcvpb_column_tc_span3\"><h3  class=\" \">Tijuana<\/h3><div  class=\"\" >\n<p class=\"p_tc\" style=\"text-align: left;\">Calle Del Acceso #8080,<br>Colonia El Tecolote, C.P. 22644,<br>Tijuana, BC, M\u00e9xico.<br><strong>Phone:<\/strong> (664) 660-0100 \/ 01<br> <a onclick=\"javascript:pageTracker._trackPageview('\/outgoing\/wa.me\/5216644844963');\"  href=\"https:\/\/wa.me\/5216644844963\">Cont\u00e1ctanos por whatsapp<\/a> <br>\n<\/div><i class=\"whhg-envelope\"><\/i> <script>\n\t\t\tdocument.write ('<A HREF=\"mai')\n\t\t\tdocument.write ('lto:fortacerotij')\n\t\t\tdocument.write ('&#64;')\n\t\t\tdocument.write ('fortacero.com\">fortacerotij')\n\t\t\tdocument.write ('&#64;')\n\t\t\tdocument.write ('fortacero.com<\/A>')\n\t\t<\/script><\/div><div class=\"tcvpb_column_tc_span3\"><h3  class=\" \">Mexicali<\/h3><div  class=\"\" >\n<p class=\"p_tc\" style=\"text-align: left;\">Blvd. L\u00e1zaro C\u00e1rdenas #2023,<br>C.P. 21390, Mexicali, B. C.,<br><strong>Phone:<\/strong> (686) 563-1888<br> <a onclick=\"javascript:pageTracker._trackPageview('\/outgoing\/wa.me\/5216861232002');\"  href=\"https:\/\/wa.me\/5216861232002\">Cont\u00e1ctanos por whatsapp<\/a> <br>\n<\/div><i class=\"whhg-envelope\"><\/i> <script>\n\t\t\tdocument.write ('<A HREF=\"mai')\n\t\t\tdocument.write ('lto:fortaceromxl')\n\t\t\tdocument.write ('&#64;')\n\t\t\tdocument.write ('fortacero.com\">fortaceromxl')\n\t\t\tdocument.write ('&#64;')\n\t\t\tdocument.write ('fortacero.com<\/A>')\n\t\t<\/script><\/div><\/div><\/div>\n\t\t\n\t\t\n\t<\/section><section class=\"tcvpb_section_tc\">\n\t\t\n\t\t<div class=\"tcvpb_section_content\"><div class=\"tcvpb_container\"><div class=\"tcvpb_column_tc_span3\"><h3  class=\" \">Hermosillo<\/h3><div  class=\"\" >\n<p class=\"p_tc\" style=\"text-align: left;\">Carretera a Sahuaripa #356,<br>C.P. 83299, Hermosillo, Sonora.<br><strong>Phone:<\/strong> (662) 800-8800<br>&nbsp; <a onclick=\"javascript:pageTracker._trackPageview('\/outgoing\/wa.me\/5216621840670');\"  href=\"https:\/\/wa.me\/5216621840670\">Cont\u00e1ctanos por whatsapp<\/a>&nbsp;<br>\n<\/div><i class=\"whhg-envelope\"><\/i> <script>\n\t\t\tdocument.write ('<A HREF=\"mai')\n\t\t\tdocument.write ('lto:fortaceroson')\n\t\t\tdocument.write ('&#64;')\n\t\t\tdocument.write ('fortacero.com\">fortaceroson')\n\t\t\tdocument.write ('&#64;')\n\t\t\tdocument.write ('fortacero.com<\/A>')\n\t\t<\/script><\/div><div class=\"tcvpb_column_tc_span3\"><h3  class=\" \">Culiac\u00e1n<\/h3><div  class=\"\" >\n<p class=\"p_tc\" style=\"text-align: left;\">Carretera el Dorado #3501,<br>Campo el Diez,<br>C.P. 80300, Culiac\u00e1n, Sin.<br><strong>Phone:<\/strong> (667) 500-3900<br> <a onclick=\"javascript:pageTracker._trackPageview('\/outgoing\/wa.me\/5216672143845');\"  href=\"https:\/\/wa.me\/5216672143845\">Cont\u00e1ctanos por whatsapp<\/a> <br>\n<\/div><i class=\"whhg-envelope\"><\/i> <script>\n\t\t\tdocument.write ('<A HREF=\"mai')\n\t\t\tdocument.write ('lto:fortacerocul')\n\t\t\tdocument.write ('&#64;')\n\t\t\tdocument.write ('fortacero.com\">fortacerocul')\n\t\t\tdocument.write ('&#64;')\n\t\t\tdocument.write ('fortacero.com<\/A>')\n\t\t<\/script><\/div><div class=\"tcvpb_column_tc_span3\"><h3  class=\" \">Chihuahua<\/h3><div  class=\"\" >\n<p class=\"p_tc\" style=\"text-align: left;\">Calle San Antonio #12628,<br>Las Animas,&nbsp;C.P. 31450,<br>Chihuahua, Chi.<br><strong>Phone:<\/strong>(614) 350 0600<br> <a onclick=\"javascript:pageTracker._trackPageview('\/outgoing\/wa.me\/5216141077806');\"  href=\"https:\/\/wa.me\/5216141077806\">Cont\u00e1ctanos por whatsapp<\/a> <br>\n<\/div><i class=\"whhg-envelope\"><\/i> <script>\n\t\t\tdocument.write ('<A HREF=\"mai')\n\t\t\tdocument.write ('lto:fortacerochi')\n\t\t\tdocument.write ('&#64;')\n\t\t\tdocument.write ('fortacero.com\">fortacerochi')\n\t\t\tdocument.write ('&#64;')\n\t\t\tdocument.write ('fortacero.com<\/A>')\n\t\t<\/script><\/div><div class=\"tcvpb_column_tc_span3\"><h3  class=\" \">Laguna<\/h3><div  class=\"\" >\n<p class=\"p_tc\" style=\"text-align: left;\">Valle del Guadiana #297,<br>Parque Industrial G\u00f3mez Palacio,<br>C.P. 35070, G\u00f3mez Palacio, Dgo.<br><strong>Phone:<\/strong> (871) 750-2400<br> <a onclick=\"javascript:pageTracker._trackPageview('\/outgoing\/wa.me\/5218712113316');\"  href=\"https:\/\/wa.me\/5218712113316\">Cont\u00e1ctanos por whatsapp<\/a> <br>\n<\/div><i class=\"whhg-envelope\"><\/i> <script>\n\t\t\tdocument.write ('<A HREF=\"mai')\n\t\t\tdocument.write ('lto:fortacerolag')\n\t\t\tdocument.write ('&#64;')\n\t\t\tdocument.write ('fortacero.com\">fortacerolag')\n\t\t\tdocument.write ('&#64;')\n\t\t\tdocument.write ('fortacero.com<\/A>')\n\t\t<\/script><\/div><\/div><\/div>\n\t\t\n\t\t\n\t<\/section><section class=\"tcvpb_section_tc\">\n\t\t\n\t\t<div class=\"tcvpb_section_content\"><div class=\"tcvpb_container\"><div class=\"tcvpb_column_tc_span3\"><h3  class=\" \">Saltillo<\/h3><div  class=\"\" >\n<p class=\"p_tc\" style=\"text-align: left;\">Blvd. Vito Alesio Robles #4821,<br>Col. Asturias, C.P. 25107,<br>Saltillo, Coah.<br><strong>Phone:<\/strong> (844) 439-2210 \/ 11 \/ 26 y 64<br> <a onclick=\"javascript:pageTracker._trackPageview('\/outgoing\/wa.me\/5218441602101');\"  href=\"https:\/\/wa.me\/5218441602101\">Cont\u00e1ctanos por whatsapp<\/a> <br>\n<\/div><i class=\"whhg-envelope\"><\/i> <script>\n\t\t\tdocument.write ('<A HREF=\"mai')\n\t\t\tdocument.write ('lto:fortacerosal')\n\t\t\tdocument.write ('&#64;')\n\t\t\tdocument.write ('fortacero.com\">fortacerosal')\n\t\t\tdocument.write ('&#64;')\n\t\t\tdocument.write ('fortacero.com<\/A>')\n\t\t<\/script><\/div><div class=\"tcvpb_column_tc_span3\"><h3  class=\" \">San Luis Potos\u00ed<\/h3><div  class=\"\" >\n<p class=\"p_tc\" style=\"text-align: left;\">Av. Ampliaci\u00f3n #310, Zona Industrial,<br>C.P. 78395, San Luis Potosi, SLP.<br><strong>Phone:<\/strong> (444) 870-0400<br> <a onclick=\"javascript:pageTracker._trackPageview('\/outgoing\/wa.me\/5214448036469');\"  href=\"https:\/\/wa.me\/5214448036469\">Cont\u00e1ctanos por whatsapp<\/a> <br>\n<\/div><i class=\"whhg-envelope\"><\/i> <script>\n\t\t\tdocument.write ('<A HREF=\"mai')\n\t\t\tdocument.write ('lto:fortaceroslp')\n\t\t\tdocument.write ('&#64;')\n\t\t\tdocument.write ('fortacero.com\">fortaceroslp')\n\t\t\tdocument.write ('&#64;')\n\t\t\tdocument.write ('fortacero.com<\/A>')\n\t\t<\/script><\/div><div class=\"tcvpb_column_tc_span3\"><h3  class=\" \">Le\u00f3n<\/h3><div  class=\"\" >\n<p class=\"p_tc\" style=\"text-align: left;\">Blvd. Jose Mar\u00eda Morelos #4802,<br>Col. Industrial Juli\u00e1n de Obreg\u00f3n,<br>C.P. 37290, Le\u00f3n, Guanajuato.<br><strong>Phone:<\/strong> (477) 711-2020, 784-0639 \/ 51<br> <a onclick=\"javascript:pageTracker._trackPageview('\/outgoing\/wa.me\/5214776769805');\"  href=\"https:\/\/wa.me\/5214776769805\">Cont\u00e1ctanos por whatsapp<\/a> <br>\n<\/div><i class=\"whhg-envelope\"><\/i> <script>\n\t\t\tdocument.write ('<A HREF=\"mai')\n\t\t\tdocument.write ('lto:fortaceroleo')\n\t\t\tdocument.write ('&#64;')\n\t\t\tdocument.write ('fortacero.com\">fortaceroleo')\n\t\t\tdocument.write ('&#64;')\n\t\t\tdocument.write ('fortacero.com<\/A>')\n\t\t<\/script><\/div><div class=\"tcvpb_column_tc_span3\"><h3  class=\" \">Quer\u00e9taro<\/h3><div  class=\"\" >\n<p class=\"p_tc\" style=\"text-align: left;\">Libramiento Sur\u2013Poniente Km 15 + 840,<br>Col. Ejido los \u00e1ngeles, Corregidora, Quer\u00e9taro.<br><strong>Phone:<\/strong> (442) 217-2000<br> <a onclick=\"javascript:pageTracker._trackPageview('\/outgoing\/wa.me\/5215662306924');\"  href=\"https:\/\/wa.me\/5215662306924\">Cont\u00e1ctanos por whatsapp<\/a> <br>\n<\/div><i class=\"whhg-envelope\"><\/i> <script>\n\t\t\tdocument.write ('<A HREF=\"mai')\n\t\t\tdocument.write ('lto:fortaceroqro')\n\t\t\tdocument.write ('&#64;')\n\t\t\tdocument.write ('fortacero.com\">fortaceroqro')\n\t\t\tdocument.write ('&#64;')\n\t\t\tdocument.write ('fortacero.com<\/A>')\n\t\t<\/script><\/div><\/div><\/div>\n\t\t\n\t\t\n\t<\/section><section class=\"tcvpb_section_tc\">\n\t\t\n\t\t<div class=\"tcvpb_section_content\"><div class=\"tcvpb_container\"><div class=\"tcvpb_column_tc_span3\"><h3  class=\" \">Puebla<\/h3><div  class=\"\" >\n<p class=\"p_tc\" style=\"text-align: left;\">Carril de San Crist\u00f3bal #102,<br>Parque Industrial Chachapa, C.P. 72990,<br>Amozoc de Mota, Pue.<br><strong>Phone:<\/strong> (222) 141 5810<br> <a onclick=\"javascript:pageTracker._trackPageview('\/outgoing\/wa.me\/5212227083630');\"  href=\"https:\/\/wa.me\/5212227083630\">Cont\u00e1ctanos por whatsapp<\/a> <br>\n<\/div><i class=\"whhg-envelope\"><\/i> <script>\n\t\t\tdocument.write ('<A HREF=\"mai')\n\t\t\tdocument.write ('lto:fortaceropue')\n\t\t\tdocument.write ('&#64;')\n\t\t\tdocument.write ('fortacero.com\">fortaceropue')\n\t\t\tdocument.write ('&#64;')\n\t\t\tdocument.write ('fortacero.com<\/A>')\n\t\t<\/script><\/div><div class=\"tcvpb_column_tc_span3\"><h3  class=\" \">Veracruz<\/h3><div  class=\"\" >\n<p class=\"p_tc\" style=\"text-align: left;\">Avenida las Torres #1572,<br>Ciudad Industrial Bruno Pagliai,<br>C.P. 91697, Veracruz, Veracruz.<br><strong>Phone:<\/strong> (229) 155-0100<br> <a onclick=\"javascript:pageTracker._trackPageview('\/outgoing\/wa.me\/5212299849497');\"  href=\"https:\/\/wa.me\/5212299849497\">Cont\u00e1ctanos por whatsapp<\/a> <br>\n<\/div><i class=\"whhg-envelope\"><\/i> <script>\n\t\t\tdocument.write ('<A HREF=\"mai')\n\t\t\tdocument.write ('lto:fortacerover')\n\t\t\tdocument.write ('&#64;')\n\t\t\tdocument.write ('fortacero.com\">fortacerover')\n\t\t\tdocument.write ('&#64;')\n\t\t\tdocument.write ('fortacero.com<\/A>')\n\t\t<\/script><\/div><div class=\"tcvpb_column_tc_span3\"><div class=\"tcvpb_column_tc_span3\"><\/div><h3  class=\" \">M\u00e9rida<\/h3><div  class=\"\" >\n<p class=\"p_tc\" style=\"text-align: left;\">Calle 15 S\/N esquina Calle 14<br>Cd.Industrial, C.P. 37290,<br>M\u00e9rida, Yuc.<br><strong>Phone:<\/strong>(999) 428-0100<br> <a onclick=\"javascript:pageTracker._trackPageview('\/outgoing\/wa.me\/5219993228751');\"  href=\"https:\/\/wa.me\/5219993228751\">Cont\u00e1ctanos por whatsapp<\/a> <br>\n<\/div><i class=\"whhg-envelope\"><\/i> <script>\n\t\t\tdocument.write ('<A HREF=\"mai')\n\t\t\tdocument.write ('lto:fortaceromer')\n\t\t\tdocument.write ('&#64;')\n\t\t\tdocument.write ('fortacero.com\">fortaceromer')\n\t\t\tdocument.write ('&#64;')\n\t\t\tdocument.write ('fortacero.com<\/A>')\n\t\t<\/script><\/div> <div class=\"tcvpb_column_tc_span3\"><h3  class=\" \">Aguascalientes<\/h3><div  class=\"\" >\n<p class=\"p_tc\" style=\"text-align: left;\">Harold R. Pape No.4 Int 3, Trojes de Alonso,<br>C.P. 20120, Aguascalientes, Ags.<br><strong>Phone:<\/strong>(449) 478-7400<br> <a onclick=\"javascript:pageTracker._trackPageview('\/outgoing\/wa.me\/5214491509637');\"  href=\"https:\/\/wa.me\/5214491509637\">Cont\u00e1ctanos por whatsapp<\/a> <br>\n<\/div><i class=\"whhg-envelope\"><\/i> <script>\n\t\t\tdocument.write ('<A HREF=\"mai')\n\t\t\tdocument.write ('lto:fortaceroags')\n\t\t\tdocument.write ('&#64;')\n\t\t\tdocument.write ('fortacero.com\">fortaceroags')\n\t\t\tdocument.write ('&#64;')\n\t\t\tdocument.write ('fortacero.com<\/A>')\n\t\t<\/script><\/div><\/div><\/div>\n\t\t\n\t\t\n\t<\/section><section class=\"tcvpb_section_tc\">\n\t\t\n\t\t<div class=\"tcvpb_section_content\"><div class=\"tcvpb_container\"><div class=\"tcvpb_column_tc_span3\"><h3  class=\" \">Oaxaca<\/h3><div  class=\"\" >\n<p class=\"p_tc\" style=\"text-align: left;\">Av. Ferrocarril 703, Paraje San Mat\u00edas,<br>Lorenzo Cacaotepec,<br>Etla, Oaxaca<br><strong>Phone:<\/strong>(951) 689-1300<br> <a onclick=\"javascript:pageTracker._trackPageview('\/outgoing\/wa.me\/5212221068591');\"  href=\"https:\/\/wa.me\/5212221068591\">Cont\u00e1ctanos por whatsapp<\/a> <br>\n<\/div><i class=\"whhg-envelope\"><\/i> <script>\n\t\t\tdocument.write ('<A HREF=\"mai')\n\t\t\tdocument.write ('lto:fortacerooax')\n\t\t\tdocument.write ('&#64;')\n\t\t\tdocument.write ('fortacero.com\">fortacerooax')\n\t\t\tdocument.write ('&#64;')\n\t\t\tdocument.write ('fortacero.com<\/A>')\n\t\t<\/script><\/div> <div class=\"tcvpb_column_tc_span9\"><h3  class=\" \">Toluca<\/h3><div  class=\"\" >\n<p class=\"p_tc\" style=\"text-align: left;\">Av. Ju\u00e1rez 807, Barrio de la Concepci\u00f3n,<br>San Mateo Atenco,<br>Edo. de M\u00e9xico<br><strong>Phone:<\/strong>(722) 478-1650<br> <a onclick=\"javascript:pageTracker._trackPageview('\/outgoing\/wa.me\/5215550681249');\"  href=\"https:\/\/wa.me\/5215550681249\">Cont\u00e1ctanos por whatsapp<\/a> <br>\n<\/div><i class=\"whhg-envelope\"><\/i> <script>\n\t\t\tdocument.write ('<A HREF=\"mai')\n\t\t\tdocument.write ('lto:fortacerotol')\n\t\t\tdocument.write ('&#64;')\n\t\t\tdocument.write ('fortacero.com\">fortacerotol')\n\t\t\tdocument.write ('&#64;')\n\t\t\tdocument.write ('fortacero.com<\/A>')\n\t\t<\/script><\/div><\/div><\/div>\n\t\t\n\t\t\n\t<\/section><section class=\"tcvpb_section_tc\">\n\t\t\n\t\t<div class=\"tcvpb_section_content\"><div class=\"tcvpb_container\"><div class=\"tcvpb_column_tc_span12\"><div  class=\"tcvpb-image \" ><img src=\"http:\/\/www.fortacero.com\/wp-content\/uploads\/2016\/08\/rollo-acero-fortacero.jpg\" alt=\"\"><\/div><span class=\"clear\" style=\"height:30px;display:block;\"><\/span><\/div><\/div><\/div>\n\t\t<footer><div class=\"tcvpb_container\"><span style=\"color: #800000; font-size: 14pt;\">THE BEST INVENTORY\u2026 ON TIME<\/span><\/div><\/footer>\n\t\t\n\t<\/section>\n<\/div>\n<\/div>\n<\/div><\/div>\n<\/div>\n<\/div>\n","protected":false},"excerpt":{"rendered":"","protected":false},"author":2,"featured_media":371,"parent":0,"menu_order":0,"comment_status":"closed","ping_status":"closed","template":"","meta":{"ngg_post_thumbnail":0},"_links":{"self":[{"href":"http:\/\/www.fortacero.com\/en\/wp-json\/wp\/v2\/pages\/111"}],"collection":[{"href":"http:\/\/www.fortacero.com\/en\/wp-json\/wp\/v2\/pages"}],"about":[{"href":"http:\/\/www.fortacero.com\/en\/wp-json\/wp\/v2\/types\/page"}],"author":[{"embeddable":true,"href":"http:\/\/www.fortacero.com\/en\/wp-json\/wp\/v2\/users\/2"}],"replies":[{"embeddable":true,"href":"http:\/\/www.fortacero.com\/en\/wp-json\/wp\/v2\/comments?post=111"}],"version-history":[{"count":47,"href":"http:\/\/www.fortacero.com\/en\/wp-json\/wp\/v2\/pages\/111\/revisions"}],"predecessor-version":[{"id":2184,"href":"http:\/\/www.fortacero.com\/en\/wp-json\/wp\/v2\/pages\/111\/revisions\/2184"}],"wp:featuredmedia":[{"embeddable":true,"href":"http:\/\/www.fortacero.com\/en\/wp-json\/wp\/v2\/media\/371"}],"wp:attachment":[{"href":"http:\/\/www.fortacero.com\/en\/wp-json\/wp\/v2\/media?parent=111"}],"curies":[{"name":"wp","href":"https:\/\/api.w.org\/{rel}","templated":true}]}}