{"id":16,"date":"2016-08-11T15:47:12","date_gmt":"2016-08-11T20:47:12","guid":{"rendered":"http:\/\/www.sitioenconstruccion.com.mx\/fortacero\/?page_id=16"},"modified":"2025-09-25T12:52:00","modified_gmt":"2025-09-25T18:52:00","slug":"history","status":"publish","type":"page","link":"http:\/\/www.fortacero.com\/en\/history","title":{"rendered":"History"},"content":{"rendered":"<section class=\"tcvpb_section_tc\">\n\t\t\n\t\t<div class=\"tcvpb_section_content\"><div class=\"tcvpb_container\"><div class=\"tcvpb_column_tc_span12\"><h1  class=\" \">History<\/h1><\/div><\/div><\/div>\n\t\t\n\t\t\n\t<\/section><section class=\"tcvpb_section_tc\">\n\t\t\n\t\t<div class=\"tcvpb_section_content\"><div class=\"tcvpb_container\"><div class=\"tcvpb_column_tc_span7\"><div  class=\"\" >\n<p class=\"p_tc\" style=\"text-align: justify;\"><strong>Fortacero<\/strong> was born in 1996 as the result of the merger of two companies founded in 1965 and 1991 respectively dedicated to the sale of structural steel profiles and to the processing and sale of products such as hot-rolled and cold-rolled sheets.<\/p>\n<p>We operate with Monterrey Plant and Mexico Plant, along with 19 branches strategically located in Mexico City (2), Guadalajara, Tijuana, Mexicali, Hermosillo, Saltillo, Laguna, San Luis Potos\u00ed, Le\u00f3n, Quer\u00e9taro, Puebla, Veracruz, Culiac\u00e1n, Chihuahua, M\u00e9rida, Aguascalientes, Oaxaca, and Toluca. This extensive geographic coverage enables us to efficiently meet our clients\u2019 needs anywhere in the country within a remarkably short timeframe.&nbsp;\n<\/div><\/div><div class=\"tcvpb_column_tc_span5\"><div  class=\"tcvpb-image \" ><img src=\"http:\/\/www.fortacero.com\/en\/wp-content\/uploads\/2016\/08\/fortacero-historia-1.jpg\" alt=\"\"><\/div><\/div><\/div><\/div>\n\t\t\n\t\t\n\t<\/section><section class=\"tcvpb_section_tc\">\n\t\t\n\t\t<div class=\"tcvpb_section_content\"><div class=\"tcvpb_container\"><div class=\"tcvpb_column_tc_span6\"><ul  class=\"tcvpb_shortcode_ul \" ><li><i class=\"whhg-chevronright\" style=\"color:#762124;\"><\/i> \n<p class=\"p_tc\">1965 Corrugados y Estructurales was founded.<\/p>\n<\/li><li><i class=\"whhg-chevronright\" style=\"color:#762124;\"><\/i> \n<p class=\"p_tc\">1991 Aceros Santa Rosa was founded.<\/p>\n<\/li><li><i class=\"whhg-chevronright\" style=\"color:#762124;\"><\/i> \n<p class=\"p_tc\">1993 Opening Branch M\u00e9xico.<\/p>\n<\/li><li><i class=\"whhg-chevronright\" style=\"color:#762124;\"><\/i> \n<p class=\"p_tc\">Both companies merge and Fortacero is founded in 1996.<\/p>\n<\/li><li><i class=\"whhg-chevronright\" style=\"color:#762124;\"><\/i> \n<p class=\"p_tc\">1999 Opening Fortacero Guadalajara.<\/p>\n<\/li><li><i class=\"whhg-chevronright\" style=\"color:#762124;\"><\/i> \n<p class=\"p_tc\">2002 Certification ISO 9001:2000 in our Headquarters<strong><br><\/strong><\/p>\n<\/li><li><i class=\"whhg-chevronright\" style=\"color:#762124;\"><\/i> \n<p class=\"p_tc\">2005 acquires ACEROPLAZA and opens 4 new locations in Mexico: Torre\u00f3n, Saltillo, Leon and Queretaro<\/p>\n<\/li><li><i class=\"whhg-chevronright\" style=\"color:#762124;\"><\/i> \n<p class=\"p_tc\">2006 Opening Fortacero Veracruz.<\/p>\n<\/li><li><i class=\"whhg-chevronright\" style=\"color:#762124;\"><\/i> \n<p>2008 Opening Fortacero Tijuana.<\/p>\n<\/li><li><i class=\"whhg-chevronright\" style=\"color:#762124;\"><\/i> \n<p>2011 Opening Fortacero San Lu\u00eds Potos\u00ed.<\/p>\n<\/li>\n<li><i class=\"whhg-chevronright\" style=\"color:#762124;\"><\/i> \n<p class=\"p_tc\">2012 Opening Fortacero Mexicali.<\/li>\n<\/ul><\/div><div class=\"tcvpb_column_tc_span6\"><ul  class=\"tcvpb_shortcode_ul \" ><li><i class=\"whhg-chevronright\" style=\"color:#762124;\"><\/i> \n<p class=\"p_tc\">2013 Opening Fortacero Hermosillo.<\/p>\n<\/li><li><i class=\"whhg-chevronright\" style=\"color:#762124;\"><\/i> \n<p class=\"p_tc\">2016 Opening Fortacero M\u00e9xico, Los Reyes.<\/p>\n<\/li><li><i class=\"whhg-chevronright\" style=\"color:#762124;\"><\/i> \n<p class=\"p_tc\">2017&nbsp;Certification ISO 9001:2015 in our Headquarters<\/p>\n<\/li><li><i class=\"whhg-chevronright\" style=\"color:#762124;\"><\/i> \n<p class=\"p_tc\">2017 Start of our Steel Tube Mill production<\/p>\n<\/li><li><i class=\"whhg-chevronright\" style=\"color:#762124;\"><\/i> \n<p class=\"p_tc\">2018&nbsp;Opening Fortacero Puebla.<\/p>\n<\/li><li><i class=\"whhg-chevronright\" style=\"color:#762124;\"><\/i> \n<p class=\"p_tc\">2019 Opening Fortacero Culiacan.<\/p>\n<\/li><li><i class=\"whhg-chevronright\" style=\"color:#762124;\"><\/i> \n<p class=\"p_tc\">2019 Opening Fortacero Chihuahua.<\/p>\n<\/li><li><i class=\"whhg-chevronright\" style=\"color:#762124;\"><\/i> \n<p class=\"p_tc\">2021 Opening Fortacero M\u00e9rida.<\/p>\n<\/li><li><i class=\"whhg-chevronright\" style=\"color:#762124;\"><\/i> \n<p class=\"p_tc\">2021 Opening Fortacero Aguascalientes<\/p>\n<\/li><li><i class=\"whhg-chevronright\" style=\"color:#762124;\"><\/i> \n<p class=\"p_tc\">2023 ISO 9001:2015 Certification extended at our headquarters plant.<\/p>\n<\/li><li><i class=\"whhg-chevronright\" style=\"color:#762124;\"><\/i> \n<p class=\"p_tc\">2024 Opening of Fortacero Oaxaca and Fortacero Toluca.<\/p>\n<\/li><\/ul><\/div><\/div><\/div>\n\t\t\n\t\t\n\t<\/section><section class=\"tcvpb_section_tc tcvpb-centered\">\n\t\t\n\t\t<div class=\"tcvpb_section_content\"><div class=\"tcvpb_container\"><div class=\"tcvpb_column_tc_span12\"><blockquote  class=\"tcvpb_blockquote tcvpb_blockquote_style2 \">\n\t\t\n<p class=\"p_tc\" style=\"text-align: justify;\">We constantly strive to remain the best option for our customers in terms of quality and assortment of materials.<\/p>\n<small>Fortacero <\/small>\n\t<\/blockquote><div  class=\"tcvpb-image \" ><img src=\"http:\/\/www.fortacero.com\/en\/wp-content\/uploads\/2016\/08\/placa-grado-fortacero.jpg\" alt=\"\"><\/div><span class=\"clear\" style=\"height:30px;display:block;\"><\/span><\/div><\/div><\/div>\n\t\t<footer><div class=\"tcvpb_container\"><span style=\"color: #800000; font-size: 14pt;\">THE BEST INVENTORY... ON TIME<\/span><\/div><\/footer>\n\t\t\n\t<\/section>\n","protected":false},"excerpt":{"rendered":"","protected":false},"author":2,"featured_media":1375,"parent":0,"menu_order":0,"comment_status":"closed","ping_status":"closed","template":"","meta":{"ngg_post_thumbnail":0},"_links":{"self":[{"href":"http:\/\/www.fortacero.com\/en\/wp-json\/wp\/v2\/pages\/16"}],"collection":[{"href":"http:\/\/www.fortacero.com\/en\/wp-json\/wp\/v2\/pages"}],"about":[{"href":"http:\/\/www.fortacero.com\/en\/wp-json\/wp\/v2\/types\/page"}],"author":[{"embeddable":true,"href":"http:\/\/www.fortacero.com\/en\/wp-json\/wp\/v2\/users\/2"}],"replies":[{"embeddable":true,"href":"http:\/\/www.fortacero.com\/en\/wp-json\/wp\/v2\/comments?post=16"}],"version-history":[{"count":12,"href":"http:\/\/www.fortacero.com\/en\/wp-json\/wp\/v2\/pages\/16\/revisions"}],"predecessor-version":[{"id":2193,"href":"http:\/\/www.fortacero.com\/en\/wp-json\/wp\/v2\/pages\/16\/revisions\/2193"}],"wp:featuredmedia":[{"embeddable":true,"href":"http:\/\/www.fortacero.com\/en\/wp-json\/wp\/v2\/media\/1375"}],"wp:attachment":[{"href":"http:\/\/www.fortacero.com\/en\/wp-json\/wp\/v2\/media?parent=16"}],"curies":[{"name":"wp","href":"https:\/\/api.w.org\/{rel}","templated":true}]}}